{"id":1625,"date":"2022-05-21T12:44:08","date_gmt":"2022-05-21T09:44:08","guid":{"rendered":"https:\/\/fermanarms.com\/tr\/?page_id=1625"},"modified":"2022-09-16T10:59:27","modified_gmt":"2022-09-16T07:59:27","slug":"pompali","status":"publish","type":"page","link":"https:\/\/fermanarms.com\/tr\/pompali\/","title":{"rendered":"Pompal\u0131"},"content":{"rendered":"<p id=\"tw-target-text\" class=\"tw-data-text tw-text-large tw-ta\" dir=\"ltr\" data-placeholder=\"\u00c7eviri\"><span class=\"Y2IQFc\" lang=\"tr\">Pompal\u0131 \u00fcr\u00fcn modeli yelpazesi Hagen, Barzini ve Clemenza serisi.. \u00dcr\u00fcn Modeli: Hagen-001 12 GA Gauge, 18,5-20-26-28-30-47-51-66-71-76 CM Namlu Uzunlu\u011fu, 3.2 KG a\u011f\u0131rl\u0131k ve Pompal\u0131 \u00e7al\u0131\u015fma sistemi. \u00dcr\u00fcn Modeli: Barzini-001 12 GA Gauge, 18,5-20-26-28-30-47-51-66-71-76 CM Namlu Uzunlu\u011fu, 3.1 KG a\u011f\u0131rl\u0131k ve Pompal\u0131 \u00e7al\u0131\u015fma sistemi<\/span><\/p>\n","protected":false},"excerpt":{"rendered":"<p>Pompal\u0131 \u00fcr\u00fcn modeli yelpazesi Hagen, Barzini ve Clemenza serisi.. \u00dcr\u00fcn Modeli: Hagen-001 12 GA Gauge, 18,5-20-26-28-30-47-51-66-71-76 CM Namlu Uzunlu\u011fu, 3.2 KG a\u011f\u0131rl\u0131k ve Pompal\u0131 \u00e7al\u0131\u015fma sistemi. \u00dcr\u00fcn Modeli: Barzini-001 12 GA Gauge, 18,5-20-26-28-30-47-51-66-71-76 CM Namlu Uzunlu\u011fu, 3.1 KG a\u011f\u0131rl\u0131k ve Pompal\u0131 \u00e7al\u0131\u015fma sistemi<\/p>\n","protected":false},"author":1,"featured_media":0,"parent":0,"menu_order":0,"comment_status":"closed","ping_status":"closed","template":"","meta":{"_acf_changed":false,"footnotes":""},"class_list":["post-1625","page","type-page","status-publish","hentry"],"acf":[],"yoast_head":"<!-- This site is optimized with the Yoast SEO plugin v27.1.1 - https:\/\/yoast.com\/product\/yoast-seo-wordpress\/ -->\n<title>Pompal\u0131 - Ferman Arms<\/title>\n<meta name=\"description\" content=\"Pompal\u0131 \u00fcr\u00fcn modeli yelpazesi Hagen, Barzini ve Clemenza serisi.. \u00dcr\u00fcn Modeli: Hagen-001 12 GA Gauge, 18,5-20-26-28-30-47-51-66-71-76 CM ..\" \/>\n<meta name=\"robots\" content=\"index, follow, max-snippet:-1, max-image-preview:large, max-video-preview:-1\" \/>\n<link rel=\"canonical\" href=\"https:\/\/fermanarms.com\/tr\/pompali\/\" \/>\n<meta property=\"og:locale\" content=\"tr_TR\" \/>\n<meta property=\"og:type\" content=\"article\" \/>\n<meta property=\"og:title\" content=\"Pompal\u0131 - Ferman Arms\" \/>\n<meta property=\"og:description\" content=\"Pompal\u0131 \u00fcr\u00fcn modeli yelpazesi Hagen, Barzini ve Clemenza serisi.. \u00dcr\u00fcn Modeli: Hagen-001 12 GA Gauge, 18,5-20-26-28-30-47-51-66-71-76 CM ..\" \/>\n<meta property=\"og:url\" content=\"https:\/\/fermanarms.com\/tr\/pompali\/\" \/>\n<meta property=\"og:site_name\" content=\"Ferman Arms\" \/>\n<meta property=\"article:modified_time\" content=\"2022-09-16T07:59:27+00:00\" \/>\n<meta name=\"twitter:card\" content=\"summary_large_image\" \/>\n<meta name=\"twitter:label1\" content=\"Tahmini okuma s\u00fcresi\" \/>\n\t<meta name=\"twitter:data1\" content=\"1 dakika\" \/>\n<script type=\"application\/ld+json\" class=\"yoast-schema-graph\">{\"@context\":\"https:\/\/schema.org\",\"@graph\":[{\"@type\":\"WebPage\",\"@id\":\"https:\/\/fermanarms.com\/tr\/pompali\/\",\"url\":\"https:\/\/fermanarms.com\/tr\/pompali\/\",\"name\":\"Pompal\u0131 - Ferman Arms\",\"isPartOf\":{\"@id\":\"https:\/\/fermanarms.com\/tr\/#website\"},\"datePublished\":\"2022-05-21T09:44:08+00:00\",\"dateModified\":\"2022-09-16T07:59:27+00:00\",\"description\":\"Pompal\u0131 \u00fcr\u00fcn modeli yelpazesi Hagen, Barzini ve Clemenza serisi.. \u00dcr\u00fcn Modeli: Hagen-001 12 GA Gauge, 18,5-20-26-28-30-47-51-66-71-76 CM ..\",\"breadcrumb\":{\"@id\":\"https:\/\/fermanarms.com\/tr\/pompali\/#breadcrumb\"},\"inLanguage\":\"tr\",\"potentialAction\":[{\"@type\":\"ReadAction\",\"target\":[\"https:\/\/fermanarms.com\/tr\/pompali\/\"]}]},{\"@type\":\"BreadcrumbList\",\"@id\":\"https:\/\/fermanarms.com\/tr\/pompali\/#breadcrumb\",\"itemListElement\":[{\"@type\":\"ListItem\",\"position\":1,\"name\":\"Anasayfa\",\"item\":\"https:\/\/fermanarms.com\/tr\/\"},{\"@type\":\"ListItem\",\"position\":2,\"name\":\"Pompal\u0131\"}]},{\"@type\":\"WebSite\",\"@id\":\"https:\/\/fermanarms.com\/tr\/#website\",\"url\":\"https:\/\/fermanarms.com\/tr\/\",\"name\":\"Ferman Arms\",\"description\":\"Hunting Arms Company\",\"publisher\":{\"@id\":\"https:\/\/fermanarms.com\/tr\/#organization\"},\"potentialAction\":[{\"@type\":\"SearchAction\",\"target\":{\"@type\":\"EntryPoint\",\"urlTemplate\":\"https:\/\/fermanarms.com\/tr\/?s={search_term_string}\"},\"query-input\":{\"@type\":\"PropertyValueSpecification\",\"valueRequired\":true,\"valueName\":\"search_term_string\"}}],\"inLanguage\":\"tr\"},{\"@type\":\"Organization\",\"@id\":\"https:\/\/fermanarms.com\/tr\/#organization\",\"name\":\"Ferman Arms\",\"url\":\"https:\/\/fermanarms.com\/tr\/\",\"logo\":{\"@type\":\"ImageObject\",\"inLanguage\":\"tr\",\"@id\":\"https:\/\/fermanarms.com\/tr\/#\/schema\/logo\/image\/\",\"url\":\"https:\/\/fermanarms.com\/tr\/wp-content\/uploads\/2022\/05\/cropped-favicon.jpg\",\"contentUrl\":\"https:\/\/fermanarms.com\/tr\/wp-content\/uploads\/2022\/05\/cropped-favicon.jpg\",\"width\":512,\"height\":512,\"caption\":\"Ferman Arms\"},\"image\":{\"@id\":\"https:\/\/fermanarms.com\/tr\/#\/schema\/logo\/image\/\"}}]}<\/script>\n<!-- \/ Yoast SEO plugin. -->","yoast_head_json":{"title":"Pompal\u0131 - Ferman Arms","description":"Pompal\u0131 \u00fcr\u00fcn modeli yelpazesi Hagen, Barzini ve Clemenza serisi.. \u00dcr\u00fcn Modeli: Hagen-001 12 GA Gauge, 18,5-20-26-28-30-47-51-66-71-76 CM ..","robots":{"index":"index","follow":"follow","max-snippet":"max-snippet:-1","max-image-preview":"max-image-preview:large","max-video-preview":"max-video-preview:-1"},"canonical":"https:\/\/fermanarms.com\/tr\/pompali\/","og_locale":"tr_TR","og_type":"article","og_title":"Pompal\u0131 - Ferman Arms","og_description":"Pompal\u0131 \u00fcr\u00fcn modeli yelpazesi Hagen, Barzini ve Clemenza serisi.. \u00dcr\u00fcn Modeli: Hagen-001 12 GA Gauge, 18,5-20-26-28-30-47-51-66-71-76 CM ..","og_url":"https:\/\/fermanarms.com\/tr\/pompali\/","og_site_name":"Ferman Arms","article_modified_time":"2022-09-16T07:59:27+00:00","twitter_card":"summary_large_image","twitter_misc":{"Tahmini okuma s\u00fcresi":"1 dakika"},"schema":{"@context":"https:\/\/schema.org","@graph":[{"@type":"WebPage","@id":"https:\/\/fermanarms.com\/tr\/pompali\/","url":"https:\/\/fermanarms.com\/tr\/pompali\/","name":"Pompal\u0131 - Ferman Arms","isPartOf":{"@id":"https:\/\/fermanarms.com\/tr\/#website"},"datePublished":"2022-05-21T09:44:08+00:00","dateModified":"2022-09-16T07:59:27+00:00","description":"Pompal\u0131 \u00fcr\u00fcn modeli yelpazesi Hagen, Barzini ve Clemenza serisi.. \u00dcr\u00fcn Modeli: Hagen-001 12 GA Gauge, 18,5-20-26-28-30-47-51-66-71-76 CM ..","breadcrumb":{"@id":"https:\/\/fermanarms.com\/tr\/pompali\/#breadcrumb"},"inLanguage":"tr","potentialAction":[{"@type":"ReadAction","target":["https:\/\/fermanarms.com\/tr\/pompali\/"]}]},{"@type":"BreadcrumbList","@id":"https:\/\/fermanarms.com\/tr\/pompali\/#breadcrumb","itemListElement":[{"@type":"ListItem","position":1,"name":"Anasayfa","item":"https:\/\/fermanarms.com\/tr\/"},{"@type":"ListItem","position":2,"name":"Pompal\u0131"}]},{"@type":"WebSite","@id":"https:\/\/fermanarms.com\/tr\/#website","url":"https:\/\/fermanarms.com\/tr\/","name":"Ferman Arms","description":"Hunting Arms Company","publisher":{"@id":"https:\/\/fermanarms.com\/tr\/#organization"},"potentialAction":[{"@type":"SearchAction","target":{"@type":"EntryPoint","urlTemplate":"https:\/\/fermanarms.com\/tr\/?s={search_term_string}"},"query-input":{"@type":"PropertyValueSpecification","valueRequired":true,"valueName":"search_term_string"}}],"inLanguage":"tr"},{"@type":"Organization","@id":"https:\/\/fermanarms.com\/tr\/#organization","name":"Ferman Arms","url":"https:\/\/fermanarms.com\/tr\/","logo":{"@type":"ImageObject","inLanguage":"tr","@id":"https:\/\/fermanarms.com\/tr\/#\/schema\/logo\/image\/","url":"https:\/\/fermanarms.com\/tr\/wp-content\/uploads\/2022\/05\/cropped-favicon.jpg","contentUrl":"https:\/\/fermanarms.com\/tr\/wp-content\/uploads\/2022\/05\/cropped-favicon.jpg","width":512,"height":512,"caption":"Ferman Arms"},"image":{"@id":"https:\/\/fermanarms.com\/tr\/#\/schema\/logo\/image\/"}}]}},"_links":{"self":[{"href":"https:\/\/fermanarms.com\/tr\/wp-json\/wp\/v2\/pages\/1625","targetHints":{"allow":["GET"]}}],"collection":[{"href":"https:\/\/fermanarms.com\/tr\/wp-json\/wp\/v2\/pages"}],"about":[{"href":"https:\/\/fermanarms.com\/tr\/wp-json\/wp\/v2\/types\/page"}],"author":[{"embeddable":true,"href":"https:\/\/fermanarms.com\/tr\/wp-json\/wp\/v2\/users\/1"}],"replies":[{"embeddable":true,"href":"https:\/\/fermanarms.com\/tr\/wp-json\/wp\/v2\/comments?post=1625"}],"version-history":[{"count":4,"href":"https:\/\/fermanarms.com\/tr\/wp-json\/wp\/v2\/pages\/1625\/revisions"}],"predecessor-version":[{"id":2102,"href":"https:\/\/fermanarms.com\/tr\/wp-json\/wp\/v2\/pages\/1625\/revisions\/2102"}],"wp:attachment":[{"href":"https:\/\/fermanarms.com\/tr\/wp-json\/wp\/v2\/media?parent=1625"}],"curies":[{"name":"wp","href":"https:\/\/api.w.org\/{rel}","templated":true}]}}