{"id":1629,"date":"2022-05-21T12:44:08","date_gmt":"2022-05-21T09:44:08","guid":{"rendered":"https:\/\/fermanarms.com\/tr\/?page_id=1629"},"modified":"2022-09-16T11:05:04","modified_gmt":"2022-09-16T08:05:04","slug":"tek-kirma","status":"publish","type":"page","link":"https:\/\/fermanarms.com\/tr\/tek-kirma\/","title":{"rendered":"Tek K\u0131rma"},"content":{"rendered":"<p>Tek K\u0131rma Av T\u00fcfe\u011fi<\/p>\n<p>\u00dcr\u00fcn Modeli ;<a href=\"https:\/\/fermanarms.com\/ake-001\"> Ake-001<\/a> 12 Kalibre, Namlu Tercihli Tek Tetik, 1,5 KG a\u011f\u0131rl\u0131k ve47-76 CM Namlu uzunlu\u011fu.<\/p>\n<p>\u00dcr\u00fcn Modeli; <a href=\"https:\/\/fermanarms.com\/ake-002\/\">Ake-002<\/a> 12 Gauge, Namlu Tercihli Tek Tetik, 1,5 KG a\u011f\u0131rl\u0131k ve 47-76 CM Namlu uzunlu\u011fu.<\/p>\n<p>\u00dcr\u00fcn Modeli; <a href=\"https:\/\/fermanarms.com\/ake-003\/\">Ake-003<\/a> 12 Gauge, Namlu Tercihli Tek Tetik, 1,5 KG a\u011f\u0131rl\u0131k ve 47-76 CM Namlu uzunlu\u011fu.<\/p>\n<div id=\"attachment_1611\" style=\"width: 310px\" class=\"wp-caption alignnone\"><img loading=\"lazy\" decoding=\"async\" aria-describedby=\"caption-attachment-1611\" class=\"size-medium wp-image-1611\" src=\"http:\/\/fermanarms.com\/wp-content\/uploads\/2022\/05\/AKE-001-300x102.png\" alt=\"\" width=\"300\" height=\"102\" srcset=\"https:\/\/fermanarms.com\/tr\/wp-content\/uploads\/2022\/05\/AKE-001-300x102.png 300w, https:\/\/fermanarms.com\/tr\/wp-content\/uploads\/2022\/05\/AKE-001-1024x347.png 1024w, https:\/\/fermanarms.com\/tr\/wp-content\/uploads\/2022\/05\/AKE-001-768x260.png 768w, https:\/\/fermanarms.com\/tr\/wp-content\/uploads\/2022\/05\/AKE-001-1536x520.png 1536w, https:\/\/fermanarms.com\/tr\/wp-content\/uploads\/2022\/05\/AKE-001-310x105.png 310w, https:\/\/fermanarms.com\/tr\/wp-content\/uploads\/2022\/05\/AKE-001.png 1920w\" sizes=\"auto, (max-width: 300px) 100vw, 300px\" \/><p id=\"caption-attachment-1611\" class=\"wp-caption-text\">AKE-001<\/p><\/div>\n","protected":false},"excerpt":{"rendered":"<p>Tek K\u0131rma Av T\u00fcfe\u011fi \u00dcr\u00fcn Modeli ; Ake-001 12 Kalibre, Namlu Tercihli Tek Tetik, 1,5 KG a\u011f\u0131rl\u0131k ve47-76 CM Namlu uzunlu\u011fu. \u00dcr\u00fcn Modeli; Ake-002 12 Gauge, Namlu Tercihli Tek Tetik, 1,5 KG a\u011f\u0131rl\u0131k ve 47-76 CM Namlu uzunlu\u011fu. \u00dcr\u00fcn Modeli; Ake-003 12 Gauge, Namlu Tercihli Tek Tetik, 1,5 KG a\u011f\u0131rl\u0131k ve 47-76 CM Namlu uzunlu\u011fu.<\/p>\n","protected":false},"author":1,"featured_media":0,"parent":0,"menu_order":0,"comment_status":"closed","ping_status":"closed","template":"","meta":{"_acf_changed":false,"footnotes":""},"class_list":["post-1629","page","type-page","status-publish","hentry"],"acf":[],"yoast_head":"<!-- This site is optimized with the Yoast SEO plugin v27.1.1 - https:\/\/yoast.com\/product\/yoast-seo-wordpress\/ -->\n<title>Tek K\u0131rma - Ferman Arms<\/title>\n<meta name=\"description\" content=\"Tek K\u0131rma Av T\u00fcfe\u011fi \u00dcr\u00fcn Modeli ; Ake-001 12 Kalibre, Namlu Tercihli Tek Tetik, 1,5 KG a\u011f\u0131rl\u0131k ve 47-76 CM Namlu uzunlu\u011fu..\" \/>\n<meta name=\"robots\" content=\"index, follow, max-snippet:-1, max-image-preview:large, max-video-preview:-1\" \/>\n<link rel=\"canonical\" href=\"https:\/\/fermanarms.com\/tr\/tek-kirma\/\" \/>\n<meta property=\"og:locale\" content=\"tr_TR\" \/>\n<meta property=\"og:type\" content=\"article\" \/>\n<meta property=\"og:title\" content=\"Tek K\u0131rma - Ferman Arms\" \/>\n<meta property=\"og:description\" content=\"Tek K\u0131rma Av T\u00fcfe\u011fi \u00dcr\u00fcn Modeli ; Ake-001 12 Kalibre, Namlu Tercihli Tek Tetik, 1,5 KG a\u011f\u0131rl\u0131k ve 47-76 CM Namlu uzunlu\u011fu..\" \/>\n<meta property=\"og:url\" content=\"https:\/\/fermanarms.com\/tr\/tek-kirma\/\" \/>\n<meta property=\"og:site_name\" content=\"Ferman Arms\" \/>\n<meta property=\"article:modified_time\" content=\"2022-09-16T08:05:04+00:00\" \/>\n<meta property=\"og:image\" content=\"http:\/\/fermanarms.com\/wp-content\/uploads\/2022\/05\/AKE-001-300x102.png\" \/>\n<meta name=\"twitter:card\" content=\"summary_large_image\" \/>\n<meta name=\"twitter:label1\" content=\"Tahmini okuma s\u00fcresi\" \/>\n\t<meta name=\"twitter:data1\" content=\"1 dakika\" \/>\n<script type=\"application\/ld+json\" class=\"yoast-schema-graph\">{\"@context\":\"https:\/\/schema.org\",\"@graph\":[{\"@type\":\"WebPage\",\"@id\":\"https:\/\/fermanarms.com\/tr\/tek-kirma\/\",\"url\":\"https:\/\/fermanarms.com\/tr\/tek-kirma\/\",\"name\":\"Tek K\u0131rma - Ferman Arms\",\"isPartOf\":{\"@id\":\"https:\/\/fermanarms.com\/tr\/#website\"},\"primaryImageOfPage\":{\"@id\":\"https:\/\/fermanarms.com\/tr\/tek-kirma\/#primaryimage\"},\"image\":{\"@id\":\"https:\/\/fermanarms.com\/tr\/tek-kirma\/#primaryimage\"},\"thumbnailUrl\":\"http:\/\/fermanarms.com\/wp-content\/uploads\/2022\/05\/AKE-001-300x102.png\",\"datePublished\":\"2022-05-21T09:44:08+00:00\",\"dateModified\":\"2022-09-16T08:05:04+00:00\",\"description\":\"Tek K\u0131rma Av T\u00fcfe\u011fi \u00dcr\u00fcn Modeli ; Ake-001 12 Kalibre, Namlu Tercihli Tek Tetik, 1,5 KG a\u011f\u0131rl\u0131k ve 47-76 CM Namlu uzunlu\u011fu..\",\"breadcrumb\":{\"@id\":\"https:\/\/fermanarms.com\/tr\/tek-kirma\/#breadcrumb\"},\"inLanguage\":\"tr\",\"potentialAction\":[{\"@type\":\"ReadAction\",\"target\":[\"https:\/\/fermanarms.com\/tr\/tek-kirma\/\"]}]},{\"@type\":\"ImageObject\",\"inLanguage\":\"tr\",\"@id\":\"https:\/\/fermanarms.com\/tr\/tek-kirma\/#primaryimage\",\"url\":\"http:\/\/fermanarms.com\/wp-content\/uploads\/2022\/05\/AKE-001-300x102.png\",\"contentUrl\":\"http:\/\/fermanarms.com\/wp-content\/uploads\/2022\/05\/AKE-001-300x102.png\"},{\"@type\":\"BreadcrumbList\",\"@id\":\"https:\/\/fermanarms.com\/tr\/tek-kirma\/#breadcrumb\",\"itemListElement\":[{\"@type\":\"ListItem\",\"position\":1,\"name\":\"Anasayfa\",\"item\":\"https:\/\/fermanarms.com\/tr\/\"},{\"@type\":\"ListItem\",\"position\":2,\"name\":\"Tek K\u0131rma\"}]},{\"@type\":\"WebSite\",\"@id\":\"https:\/\/fermanarms.com\/tr\/#website\",\"url\":\"https:\/\/fermanarms.com\/tr\/\",\"name\":\"Ferman Arms\",\"description\":\"Hunting Arms Company\",\"publisher\":{\"@id\":\"https:\/\/fermanarms.com\/tr\/#organization\"},\"potentialAction\":[{\"@type\":\"SearchAction\",\"target\":{\"@type\":\"EntryPoint\",\"urlTemplate\":\"https:\/\/fermanarms.com\/tr\/?s={search_term_string}\"},\"query-input\":{\"@type\":\"PropertyValueSpecification\",\"valueRequired\":true,\"valueName\":\"search_term_string\"}}],\"inLanguage\":\"tr\"},{\"@type\":\"Organization\",\"@id\":\"https:\/\/fermanarms.com\/tr\/#organization\",\"name\":\"Ferman Arms\",\"url\":\"https:\/\/fermanarms.com\/tr\/\",\"logo\":{\"@type\":\"ImageObject\",\"inLanguage\":\"tr\",\"@id\":\"https:\/\/fermanarms.com\/tr\/#\/schema\/logo\/image\/\",\"url\":\"https:\/\/fermanarms.com\/tr\/wp-content\/uploads\/2022\/05\/cropped-favicon.jpg\",\"contentUrl\":\"https:\/\/fermanarms.com\/tr\/wp-content\/uploads\/2022\/05\/cropped-favicon.jpg\",\"width\":512,\"height\":512,\"caption\":\"Ferman Arms\"},\"image\":{\"@id\":\"https:\/\/fermanarms.com\/tr\/#\/schema\/logo\/image\/\"}}]}<\/script>\n<!-- \/ Yoast SEO plugin. -->","yoast_head_json":{"title":"Tek K\u0131rma - Ferman Arms","description":"Tek K\u0131rma Av T\u00fcfe\u011fi \u00dcr\u00fcn Modeli ; Ake-001 12 Kalibre, Namlu Tercihli Tek Tetik, 1,5 KG a\u011f\u0131rl\u0131k ve 47-76 CM Namlu uzunlu\u011fu..","robots":{"index":"index","follow":"follow","max-snippet":"max-snippet:-1","max-image-preview":"max-image-preview:large","max-video-preview":"max-video-preview:-1"},"canonical":"https:\/\/fermanarms.com\/tr\/tek-kirma\/","og_locale":"tr_TR","og_type":"article","og_title":"Tek K\u0131rma - Ferman Arms","og_description":"Tek K\u0131rma Av T\u00fcfe\u011fi \u00dcr\u00fcn Modeli ; Ake-001 12 Kalibre, Namlu Tercihli Tek Tetik, 1,5 KG a\u011f\u0131rl\u0131k ve 47-76 CM Namlu uzunlu\u011fu..","og_url":"https:\/\/fermanarms.com\/tr\/tek-kirma\/","og_site_name":"Ferman Arms","article_modified_time":"2022-09-16T08:05:04+00:00","og_image":[{"url":"http:\/\/fermanarms.com\/wp-content\/uploads\/2022\/05\/AKE-001-300x102.png","type":"","width":"","height":""}],"twitter_card":"summary_large_image","twitter_misc":{"Tahmini okuma s\u00fcresi":"1 dakika"},"schema":{"@context":"https:\/\/schema.org","@graph":[{"@type":"WebPage","@id":"https:\/\/fermanarms.com\/tr\/tek-kirma\/","url":"https:\/\/fermanarms.com\/tr\/tek-kirma\/","name":"Tek K\u0131rma - Ferman Arms","isPartOf":{"@id":"https:\/\/fermanarms.com\/tr\/#website"},"primaryImageOfPage":{"@id":"https:\/\/fermanarms.com\/tr\/tek-kirma\/#primaryimage"},"image":{"@id":"https:\/\/fermanarms.com\/tr\/tek-kirma\/#primaryimage"},"thumbnailUrl":"http:\/\/fermanarms.com\/wp-content\/uploads\/2022\/05\/AKE-001-300x102.png","datePublished":"2022-05-21T09:44:08+00:00","dateModified":"2022-09-16T08:05:04+00:00","description":"Tek K\u0131rma Av T\u00fcfe\u011fi \u00dcr\u00fcn Modeli ; Ake-001 12 Kalibre, Namlu Tercihli Tek Tetik, 1,5 KG a\u011f\u0131rl\u0131k ve 47-76 CM Namlu uzunlu\u011fu..","breadcrumb":{"@id":"https:\/\/fermanarms.com\/tr\/tek-kirma\/#breadcrumb"},"inLanguage":"tr","potentialAction":[{"@type":"ReadAction","target":["https:\/\/fermanarms.com\/tr\/tek-kirma\/"]}]},{"@type":"ImageObject","inLanguage":"tr","@id":"https:\/\/fermanarms.com\/tr\/tek-kirma\/#primaryimage","url":"http:\/\/fermanarms.com\/wp-content\/uploads\/2022\/05\/AKE-001-300x102.png","contentUrl":"http:\/\/fermanarms.com\/wp-content\/uploads\/2022\/05\/AKE-001-300x102.png"},{"@type":"BreadcrumbList","@id":"https:\/\/fermanarms.com\/tr\/tek-kirma\/#breadcrumb","itemListElement":[{"@type":"ListItem","position":1,"name":"Anasayfa","item":"https:\/\/fermanarms.com\/tr\/"},{"@type":"ListItem","position":2,"name":"Tek K\u0131rma"}]},{"@type":"WebSite","@id":"https:\/\/fermanarms.com\/tr\/#website","url":"https:\/\/fermanarms.com\/tr\/","name":"Ferman Arms","description":"Hunting Arms Company","publisher":{"@id":"https:\/\/fermanarms.com\/tr\/#organization"},"potentialAction":[{"@type":"SearchAction","target":{"@type":"EntryPoint","urlTemplate":"https:\/\/fermanarms.com\/tr\/?s={search_term_string}"},"query-input":{"@type":"PropertyValueSpecification","valueRequired":true,"valueName":"search_term_string"}}],"inLanguage":"tr"},{"@type":"Organization","@id":"https:\/\/fermanarms.com\/tr\/#organization","name":"Ferman Arms","url":"https:\/\/fermanarms.com\/tr\/","logo":{"@type":"ImageObject","inLanguage":"tr","@id":"https:\/\/fermanarms.com\/tr\/#\/schema\/logo\/image\/","url":"https:\/\/fermanarms.com\/tr\/wp-content\/uploads\/2022\/05\/cropped-favicon.jpg","contentUrl":"https:\/\/fermanarms.com\/tr\/wp-content\/uploads\/2022\/05\/cropped-favicon.jpg","width":512,"height":512,"caption":"Ferman Arms"},"image":{"@id":"https:\/\/fermanarms.com\/tr\/#\/schema\/logo\/image\/"}}]}},"_links":{"self":[{"href":"https:\/\/fermanarms.com\/tr\/wp-json\/wp\/v2\/pages\/1629","targetHints":{"allow":["GET"]}}],"collection":[{"href":"https:\/\/fermanarms.com\/tr\/wp-json\/wp\/v2\/pages"}],"about":[{"href":"https:\/\/fermanarms.com\/tr\/wp-json\/wp\/v2\/types\/page"}],"author":[{"embeddable":true,"href":"https:\/\/fermanarms.com\/tr\/wp-json\/wp\/v2\/users\/1"}],"replies":[{"embeddable":true,"href":"https:\/\/fermanarms.com\/tr\/wp-json\/wp\/v2\/comments?post=1629"}],"version-history":[{"count":4,"href":"https:\/\/fermanarms.com\/tr\/wp-json\/wp\/v2\/pages\/1629\/revisions"}],"predecessor-version":[{"id":2106,"href":"https:\/\/fermanarms.com\/tr\/wp-json\/wp\/v2\/pages\/1629\/revisions\/2106"}],"wp:attachment":[{"href":"https:\/\/fermanarms.com\/tr\/wp-json\/wp\/v2\/media?parent=1629"}],"curies":[{"name":"wp","href":"https:\/\/api.w.org\/{rel}","templated":true}]}}