{"id":1633,"date":"2022-05-21T12:44:08","date_gmt":"2022-05-21T09:44:08","guid":{"rendered":"https:\/\/fermanarms.com\/tr\/?page_id=1633"},"modified":"2022-09-16T10:56:11","modified_gmt":"2022-09-16T07:56:11","slug":"dikey-sarjorlu","status":"publish","type":"page","link":"https:\/\/fermanarms.com\/tr\/dikey-sarjorlu\/","title":{"rendered":"Dikey \u015earj\u00f6rl\u00fc"},"content":{"rendered":"<p id=\"tw-target-text\" class=\"tw-data-text tw-text-large tw-ta\" dir=\"ltr\" data-placeholder=\"\u00c7eviri\"><span class=\"Y2IQFc\" lang=\"tr\"><a href=\"https:\/\/fermanarms.com\/tr\/dikey-sarjorlu\/\">Dikey \u015earj\u00f6rl\u00fc<\/a> Av T\u00fcfe\u011fi <\/span><\/p>\n<p class=\"tw-data-text tw-text-large tw-ta\" dir=\"ltr\" data-placeholder=\"\u00c7eviri\"><span class=\"Y2IQFc\" lang=\"tr\">\u00dcr\u00fcn Modeli: Cicci-001 12 GA G\u00f6sterge, 45-51 CM Namlu Boyu, 3.8 KG a\u011f\u0131rl\u0131k ve Gazl\u0131 sistem.<\/span><\/p>\n<p class=\"tw-data-text tw-text-large tw-ta\" dir=\"ltr\" data-placeholder=\"\u00c7eviri\"><span class=\"Y2IQFc\" lang=\"tr\">\u00dcr\u00fcn Modeli: Cicci-002 12 GA Mastar, 45-51 CM Namlu Boyu, 3.8 KG a\u011f\u0131rl\u0131k ve Gazl\u0131 sistem.<\/span><\/p>\n","protected":false},"excerpt":{"rendered":"<p>Dikey \u015earj\u00f6rl\u00fc Av T\u00fcfe\u011fi \u00dcr\u00fcn Modeli: Cicci-001 12 GA G\u00f6sterge, 45-51 CM Namlu Boyu, 3.8 KG a\u011f\u0131rl\u0131k ve Gazl\u0131 sistem. \u00dcr\u00fcn Modeli: Cicci-002 12 GA Mastar, 45-51 CM Namlu Boyu, 3.8 KG a\u011f\u0131rl\u0131k ve Gazl\u0131 sistem.<\/p>\n","protected":false},"author":1,"featured_media":0,"parent":0,"menu_order":0,"comment_status":"closed","ping_status":"closed","template":"","meta":{"_acf_changed":false,"footnotes":""},"class_list":["post-1633","page","type-page","status-publish","hentry"],"acf":[],"yoast_head":"<!-- This site is optimized with the Yoast SEO plugin v27.1.1 - https:\/\/yoast.com\/product\/yoast-seo-wordpress\/ -->\n<title>Dikey \u015earj\u00f6rl\u00fc - Ferman Arms<\/title>\n<meta name=\"description\" content=\"Dikey \u015earj\u00f6rl\u00fc Av T\u00fcfe\u011fi \u00dcr\u00fcn Modeli: Cicci-001 12 kalibre, 45-51 CM Namlu Boyu, 3.8 KG a\u011f\u0131rl\u0131k, \u00e7al\u0131\u015fma sistemi..\" \/>\n<meta name=\"robots\" content=\"index, follow, max-snippet:-1, max-image-preview:large, max-video-preview:-1\" \/>\n<link rel=\"canonical\" href=\"https:\/\/fermanarms.com\/tr\/dikey-sarjorlu\/\" \/>\n<meta property=\"og:locale\" content=\"tr_TR\" \/>\n<meta property=\"og:type\" content=\"article\" \/>\n<meta property=\"og:title\" content=\"Dikey \u015earj\u00f6rl\u00fc - Ferman Arms\" \/>\n<meta property=\"og:description\" content=\"Dikey \u015earj\u00f6rl\u00fc Av T\u00fcfe\u011fi \u00dcr\u00fcn Modeli: Cicci-001 12 kalibre, 45-51 CM Namlu Boyu, 3.8 KG a\u011f\u0131rl\u0131k, \u00e7al\u0131\u015fma sistemi..\" \/>\n<meta property=\"og:url\" content=\"https:\/\/fermanarms.com\/tr\/dikey-sarjorlu\/\" \/>\n<meta property=\"og:site_name\" content=\"Ferman Arms\" \/>\n<meta property=\"article:modified_time\" content=\"2022-09-16T07:56:11+00:00\" \/>\n<meta name=\"twitter:card\" content=\"summary_large_image\" \/>\n<meta name=\"twitter:label1\" content=\"Tahmini okuma s\u00fcresi\" \/>\n\t<meta name=\"twitter:data1\" content=\"1 dakika\" \/>\n<script type=\"application\/ld+json\" class=\"yoast-schema-graph\">{\"@context\":\"https:\/\/schema.org\",\"@graph\":[{\"@type\":\"WebPage\",\"@id\":\"https:\/\/fermanarms.com\/tr\/dikey-sarjorlu\/\",\"url\":\"https:\/\/fermanarms.com\/tr\/dikey-sarjorlu\/\",\"name\":\"Dikey \u015earj\u00f6rl\u00fc - Ferman Arms\",\"isPartOf\":{\"@id\":\"https:\/\/fermanarms.com\/tr\/#website\"},\"datePublished\":\"2022-05-21T09:44:08+00:00\",\"dateModified\":\"2022-09-16T07:56:11+00:00\",\"description\":\"Dikey \u015earj\u00f6rl\u00fc Av T\u00fcfe\u011fi \u00dcr\u00fcn Modeli: Cicci-001 12 kalibre, 45-51 CM Namlu Boyu, 3.8 KG a\u011f\u0131rl\u0131k, \u00e7al\u0131\u015fma sistemi..\",\"breadcrumb\":{\"@id\":\"https:\/\/fermanarms.com\/tr\/dikey-sarjorlu\/#breadcrumb\"},\"inLanguage\":\"tr\",\"potentialAction\":[{\"@type\":\"ReadAction\",\"target\":[\"https:\/\/fermanarms.com\/tr\/dikey-sarjorlu\/\"]}]},{\"@type\":\"BreadcrumbList\",\"@id\":\"https:\/\/fermanarms.com\/tr\/dikey-sarjorlu\/#breadcrumb\",\"itemListElement\":[{\"@type\":\"ListItem\",\"position\":1,\"name\":\"Anasayfa\",\"item\":\"https:\/\/fermanarms.com\/tr\/\"},{\"@type\":\"ListItem\",\"position\":2,\"name\":\"Dikey \u015earj\u00f6rl\u00fc\"}]},{\"@type\":\"WebSite\",\"@id\":\"https:\/\/fermanarms.com\/tr\/#website\",\"url\":\"https:\/\/fermanarms.com\/tr\/\",\"name\":\"Ferman Arms\",\"description\":\"Hunting Arms Company\",\"publisher\":{\"@id\":\"https:\/\/fermanarms.com\/tr\/#organization\"},\"potentialAction\":[{\"@type\":\"SearchAction\",\"target\":{\"@type\":\"EntryPoint\",\"urlTemplate\":\"https:\/\/fermanarms.com\/tr\/?s={search_term_string}\"},\"query-input\":{\"@type\":\"PropertyValueSpecification\",\"valueRequired\":true,\"valueName\":\"search_term_string\"}}],\"inLanguage\":\"tr\"},{\"@type\":\"Organization\",\"@id\":\"https:\/\/fermanarms.com\/tr\/#organization\",\"name\":\"Ferman Arms\",\"url\":\"https:\/\/fermanarms.com\/tr\/\",\"logo\":{\"@type\":\"ImageObject\",\"inLanguage\":\"tr\",\"@id\":\"https:\/\/fermanarms.com\/tr\/#\/schema\/logo\/image\/\",\"url\":\"https:\/\/fermanarms.com\/tr\/wp-content\/uploads\/2022\/05\/cropped-favicon.jpg\",\"contentUrl\":\"https:\/\/fermanarms.com\/tr\/wp-content\/uploads\/2022\/05\/cropped-favicon.jpg\",\"width\":512,\"height\":512,\"caption\":\"Ferman Arms\"},\"image\":{\"@id\":\"https:\/\/fermanarms.com\/tr\/#\/schema\/logo\/image\/\"}}]}<\/script>\n<!-- \/ Yoast SEO plugin. -->","yoast_head_json":{"title":"Dikey \u015earj\u00f6rl\u00fc - Ferman Arms","description":"Dikey \u015earj\u00f6rl\u00fc Av T\u00fcfe\u011fi \u00dcr\u00fcn Modeli: Cicci-001 12 kalibre, 45-51 CM Namlu Boyu, 3.8 KG a\u011f\u0131rl\u0131k, \u00e7al\u0131\u015fma sistemi..","robots":{"index":"index","follow":"follow","max-snippet":"max-snippet:-1","max-image-preview":"max-image-preview:large","max-video-preview":"max-video-preview:-1"},"canonical":"https:\/\/fermanarms.com\/tr\/dikey-sarjorlu\/","og_locale":"tr_TR","og_type":"article","og_title":"Dikey \u015earj\u00f6rl\u00fc - Ferman Arms","og_description":"Dikey \u015earj\u00f6rl\u00fc Av T\u00fcfe\u011fi \u00dcr\u00fcn Modeli: Cicci-001 12 kalibre, 45-51 CM Namlu Boyu, 3.8 KG a\u011f\u0131rl\u0131k, \u00e7al\u0131\u015fma sistemi..","og_url":"https:\/\/fermanarms.com\/tr\/dikey-sarjorlu\/","og_site_name":"Ferman Arms","article_modified_time":"2022-09-16T07:56:11+00:00","twitter_card":"summary_large_image","twitter_misc":{"Tahmini okuma s\u00fcresi":"1 dakika"},"schema":{"@context":"https:\/\/schema.org","@graph":[{"@type":"WebPage","@id":"https:\/\/fermanarms.com\/tr\/dikey-sarjorlu\/","url":"https:\/\/fermanarms.com\/tr\/dikey-sarjorlu\/","name":"Dikey \u015earj\u00f6rl\u00fc - Ferman Arms","isPartOf":{"@id":"https:\/\/fermanarms.com\/tr\/#website"},"datePublished":"2022-05-21T09:44:08+00:00","dateModified":"2022-09-16T07:56:11+00:00","description":"Dikey \u015earj\u00f6rl\u00fc Av T\u00fcfe\u011fi \u00dcr\u00fcn Modeli: Cicci-001 12 kalibre, 45-51 CM Namlu Boyu, 3.8 KG a\u011f\u0131rl\u0131k, \u00e7al\u0131\u015fma sistemi..","breadcrumb":{"@id":"https:\/\/fermanarms.com\/tr\/dikey-sarjorlu\/#breadcrumb"},"inLanguage":"tr","potentialAction":[{"@type":"ReadAction","target":["https:\/\/fermanarms.com\/tr\/dikey-sarjorlu\/"]}]},{"@type":"BreadcrumbList","@id":"https:\/\/fermanarms.com\/tr\/dikey-sarjorlu\/#breadcrumb","itemListElement":[{"@type":"ListItem","position":1,"name":"Anasayfa","item":"https:\/\/fermanarms.com\/tr\/"},{"@type":"ListItem","position":2,"name":"Dikey \u015earj\u00f6rl\u00fc"}]},{"@type":"WebSite","@id":"https:\/\/fermanarms.com\/tr\/#website","url":"https:\/\/fermanarms.com\/tr\/","name":"Ferman Arms","description":"Hunting Arms Company","publisher":{"@id":"https:\/\/fermanarms.com\/tr\/#organization"},"potentialAction":[{"@type":"SearchAction","target":{"@type":"EntryPoint","urlTemplate":"https:\/\/fermanarms.com\/tr\/?s={search_term_string}"},"query-input":{"@type":"PropertyValueSpecification","valueRequired":true,"valueName":"search_term_string"}}],"inLanguage":"tr"},{"@type":"Organization","@id":"https:\/\/fermanarms.com\/tr\/#organization","name":"Ferman Arms","url":"https:\/\/fermanarms.com\/tr\/","logo":{"@type":"ImageObject","inLanguage":"tr","@id":"https:\/\/fermanarms.com\/tr\/#\/schema\/logo\/image\/","url":"https:\/\/fermanarms.com\/tr\/wp-content\/uploads\/2022\/05\/cropped-favicon.jpg","contentUrl":"https:\/\/fermanarms.com\/tr\/wp-content\/uploads\/2022\/05\/cropped-favicon.jpg","width":512,"height":512,"caption":"Ferman Arms"},"image":{"@id":"https:\/\/fermanarms.com\/tr\/#\/schema\/logo\/image\/"}}]}},"_links":{"self":[{"href":"https:\/\/fermanarms.com\/tr\/wp-json\/wp\/v2\/pages\/1633","targetHints":{"allow":["GET"]}}],"collection":[{"href":"https:\/\/fermanarms.com\/tr\/wp-json\/wp\/v2\/pages"}],"about":[{"href":"https:\/\/fermanarms.com\/tr\/wp-json\/wp\/v2\/types\/page"}],"author":[{"embeddable":true,"href":"https:\/\/fermanarms.com\/tr\/wp-json\/wp\/v2\/users\/1"}],"replies":[{"embeddable":true,"href":"https:\/\/fermanarms.com\/tr\/wp-json\/wp\/v2\/comments?post=1633"}],"version-history":[{"count":4,"href":"https:\/\/fermanarms.com\/tr\/wp-json\/wp\/v2\/pages\/1633\/revisions"}],"predecessor-version":[{"id":2098,"href":"https:\/\/fermanarms.com\/tr\/wp-json\/wp\/v2\/pages\/1633\/revisions\/2098"}],"wp:attachment":[{"href":"https:\/\/fermanarms.com\/tr\/wp-json\/wp\/v2\/media?parent=1633"}],"curies":[{"name":"wp","href":"https:\/\/api.w.org\/{rel}","templated":true}]}}