{"id":62,"date":"2021-06-28T12:30:21","date_gmt":"2021-06-28T09:30:21","guid":{"rendered":"http:\/\/fermanarms.com\/tr\/?page_id=62"},"modified":"2022-09-16T11:01:57","modified_gmt":"2022-09-16T08:01:57","slug":"urunler","status":"publish","type":"page","link":"https:\/\/fermanarms.com\/tr\/urunler\/","title":{"rendered":"\u00dcr\u00fcnler"},"content":{"rendered":"<p class=\"tw-data-text tw-text-large tw-ta\" dir=\"ltr\" data-placeholder=\"\u00c7eviri\"><span class=\"Y2IQFc\" lang=\"en\">\u00dcr\u00fcn Kategorilerimiz <\/span><\/p>\n<p class=\"tw-data-text tw-text-large tw-ta\" dir=\"ltr\" data-placeholder=\"\u00c7eviri\">Dikey \u015earj\u00f6rl\u00fc, Yar\u0131 Otomatik, Pompal\u0131, Bullpup, S\u00fcper Poze, Taktikal, <a href=\"https:\/\/fermanarms.com\/tr\/urunler\">Tek K\u0131rma<\/a><a href=\"https:\/\/fermanarms.com\/single-barrel-shotguns\/\">.<\/a><\/p>\n<p><img loading=\"lazy\" decoding=\"async\" class=\"size-medium wp-image-1840\" src=\"http:\/\/fermanarms.com\/wp-content\/uploads\/2022\/05\/ROSATO-001-3-300x159.png\" alt=\"product-ROSATA-001-3\" width=\"300\" height=\"159\" srcset=\"https:\/\/fermanarms.com\/tr\/wp-content\/uploads\/2022\/05\/ROSATO-001-3-300x159.png 300w, https:\/\/fermanarms.com\/tr\/wp-content\/uploads\/2022\/05\/ROSATO-001-3-1024x544.png 1024w, https:\/\/fermanarms.com\/tr\/wp-content\/uploads\/2022\/05\/ROSATO-001-3-768x408.png 768w, https:\/\/fermanarms.com\/tr\/wp-content\/uploads\/2022\/05\/ROSATO-001-3-198x105.png 198w, https:\/\/fermanarms.com\/tr\/wp-content\/uploads\/2022\/05\/ROSATO-001-3.png 1224w\" sizes=\"auto, (max-width: 300px) 100vw, 300px\" \/><\/p>\n","protected":false},"excerpt":{"rendered":"<p>\u00dcr\u00fcn Kategorilerimiz Dikey \u015earj\u00f6rl\u00fc, Yar\u0131 Otomatik, Pompal\u0131, Bullpup, S\u00fcper Poze, Taktikal, Tek K\u0131rma.<\/p>\n","protected":false},"author":1,"featured_media":0,"parent":0,"menu_order":0,"comment_status":"closed","ping_status":"closed","template":"","meta":{"_acf_changed":false,"footnotes":""},"class_list":["post-62","page","type-page","status-publish","hentry"],"acf":[],"yoast_head":"<!-- This site is optimized with the Yoast SEO plugin v27.1.1 - https:\/\/yoast.com\/product\/yoast-seo-wordpress\/ -->\n<title>\u00dcr\u00fcnler - Ferman Arms<\/title>\n<meta name=\"description\" content=\"Av T\u00fcfe\u011fi Kategorilerimiz; Dikey \u015earj\u00f6rl\u00fc, Yar\u0131 Otomatik, Pompal\u0131, Bullpup, S\u00fcper Poze, Taktikal, Tek K\u0131rma ...\" \/>\n<meta name=\"robots\" content=\"index, follow, max-snippet:-1, max-image-preview:large, max-video-preview:-1\" \/>\n<link rel=\"canonical\" href=\"https:\/\/fermanarms.com\/tr\/urunler\/\" \/>\n<meta property=\"og:locale\" content=\"tr_TR\" \/>\n<meta property=\"og:type\" content=\"article\" \/>\n<meta property=\"og:title\" content=\"\u00dcr\u00fcnler - Ferman Arms\" \/>\n<meta property=\"og:description\" content=\"Av T\u00fcfe\u011fi Kategorilerimiz; Dikey \u015earj\u00f6rl\u00fc, Yar\u0131 Otomatik, Pompal\u0131, Bullpup, S\u00fcper Poze, Taktikal, Tek K\u0131rma ...\" \/>\n<meta property=\"og:url\" content=\"https:\/\/fermanarms.com\/tr\/urunler\/\" \/>\n<meta property=\"og:site_name\" content=\"Ferman Arms\" \/>\n<meta property=\"article:modified_time\" content=\"2022-09-16T08:01:57+00:00\" \/>\n<meta property=\"og:image\" content=\"http:\/\/fermanarms.com\/wp-content\/uploads\/2022\/05\/ROSATO-001-3-300x159.png\" \/>\n<meta name=\"twitter:card\" content=\"summary_large_image\" \/>\n<meta name=\"twitter:label1\" content=\"Tahmini okuma s\u00fcresi\" \/>\n\t<meta name=\"twitter:data1\" content=\"1 dakika\" \/>\n<script type=\"application\/ld+json\" class=\"yoast-schema-graph\">{\"@context\":\"https:\/\/schema.org\",\"@graph\":[{\"@type\":\"WebPage\",\"@id\":\"https:\/\/fermanarms.com\/tr\/urunler\/\",\"url\":\"https:\/\/fermanarms.com\/tr\/urunler\/\",\"name\":\"\u00dcr\u00fcnler - Ferman Arms\",\"isPartOf\":{\"@id\":\"https:\/\/fermanarms.com\/tr\/#website\"},\"primaryImageOfPage\":{\"@id\":\"https:\/\/fermanarms.com\/tr\/urunler\/#primaryimage\"},\"image\":{\"@id\":\"https:\/\/fermanarms.com\/tr\/urunler\/#primaryimage\"},\"thumbnailUrl\":\"http:\/\/fermanarms.com\/wp-content\/uploads\/2022\/05\/ROSATO-001-3-300x159.png\",\"datePublished\":\"2021-06-28T09:30:21+00:00\",\"dateModified\":\"2022-09-16T08:01:57+00:00\",\"description\":\"Av T\u00fcfe\u011fi Kategorilerimiz; Dikey \u015earj\u00f6rl\u00fc, Yar\u0131 Otomatik, Pompal\u0131, Bullpup, S\u00fcper Poze, Taktikal, Tek K\u0131rma ...\",\"breadcrumb\":{\"@id\":\"https:\/\/fermanarms.com\/tr\/urunler\/#breadcrumb\"},\"inLanguage\":\"tr\",\"potentialAction\":[{\"@type\":\"ReadAction\",\"target\":[\"https:\/\/fermanarms.com\/tr\/urunler\/\"]}]},{\"@type\":\"ImageObject\",\"inLanguage\":\"tr\",\"@id\":\"https:\/\/fermanarms.com\/tr\/urunler\/#primaryimage\",\"url\":\"http:\/\/fermanarms.com\/wp-content\/uploads\/2022\/05\/ROSATO-001-3-300x159.png\",\"contentUrl\":\"http:\/\/fermanarms.com\/wp-content\/uploads\/2022\/05\/ROSATO-001-3-300x159.png\"},{\"@type\":\"BreadcrumbList\",\"@id\":\"https:\/\/fermanarms.com\/tr\/urunler\/#breadcrumb\",\"itemListElement\":[{\"@type\":\"ListItem\",\"position\":1,\"name\":\"Anasayfa\",\"item\":\"https:\/\/fermanarms.com\/tr\/\"},{\"@type\":\"ListItem\",\"position\":2,\"name\":\"\u00dcr\u00fcnler\"}]},{\"@type\":\"WebSite\",\"@id\":\"https:\/\/fermanarms.com\/tr\/#website\",\"url\":\"https:\/\/fermanarms.com\/tr\/\",\"name\":\"Ferman Arms\",\"description\":\"Hunting Arms Company\",\"publisher\":{\"@id\":\"https:\/\/fermanarms.com\/tr\/#organization\"},\"potentialAction\":[{\"@type\":\"SearchAction\",\"target\":{\"@type\":\"EntryPoint\",\"urlTemplate\":\"https:\/\/fermanarms.com\/tr\/?s={search_term_string}\"},\"query-input\":{\"@type\":\"PropertyValueSpecification\",\"valueRequired\":true,\"valueName\":\"search_term_string\"}}],\"inLanguage\":\"tr\"},{\"@type\":\"Organization\",\"@id\":\"https:\/\/fermanarms.com\/tr\/#organization\",\"name\":\"Ferman Arms\",\"url\":\"https:\/\/fermanarms.com\/tr\/\",\"logo\":{\"@type\":\"ImageObject\",\"inLanguage\":\"tr\",\"@id\":\"https:\/\/fermanarms.com\/tr\/#\/schema\/logo\/image\/\",\"url\":\"https:\/\/fermanarms.com\/tr\/wp-content\/uploads\/2022\/05\/cropped-favicon.jpg\",\"contentUrl\":\"https:\/\/fermanarms.com\/tr\/wp-content\/uploads\/2022\/05\/cropped-favicon.jpg\",\"width\":512,\"height\":512,\"caption\":\"Ferman Arms\"},\"image\":{\"@id\":\"https:\/\/fermanarms.com\/tr\/#\/schema\/logo\/image\/\"}}]}<\/script>\n<!-- \/ Yoast SEO plugin. -->","yoast_head_json":{"title":"\u00dcr\u00fcnler - Ferman Arms","description":"Av T\u00fcfe\u011fi Kategorilerimiz; Dikey \u015earj\u00f6rl\u00fc, Yar\u0131 Otomatik, Pompal\u0131, Bullpup, S\u00fcper Poze, Taktikal, Tek K\u0131rma ...","robots":{"index":"index","follow":"follow","max-snippet":"max-snippet:-1","max-image-preview":"max-image-preview:large","max-video-preview":"max-video-preview:-1"},"canonical":"https:\/\/fermanarms.com\/tr\/urunler\/","og_locale":"tr_TR","og_type":"article","og_title":"\u00dcr\u00fcnler - Ferman Arms","og_description":"Av T\u00fcfe\u011fi Kategorilerimiz; Dikey \u015earj\u00f6rl\u00fc, Yar\u0131 Otomatik, Pompal\u0131, Bullpup, S\u00fcper Poze, Taktikal, Tek K\u0131rma ...","og_url":"https:\/\/fermanarms.com\/tr\/urunler\/","og_site_name":"Ferman Arms","article_modified_time":"2022-09-16T08:01:57+00:00","og_image":[{"url":"http:\/\/fermanarms.com\/wp-content\/uploads\/2022\/05\/ROSATO-001-3-300x159.png","type":"","width":"","height":""}],"twitter_card":"summary_large_image","twitter_misc":{"Tahmini okuma s\u00fcresi":"1 dakika"},"schema":{"@context":"https:\/\/schema.org","@graph":[{"@type":"WebPage","@id":"https:\/\/fermanarms.com\/tr\/urunler\/","url":"https:\/\/fermanarms.com\/tr\/urunler\/","name":"\u00dcr\u00fcnler - Ferman Arms","isPartOf":{"@id":"https:\/\/fermanarms.com\/tr\/#website"},"primaryImageOfPage":{"@id":"https:\/\/fermanarms.com\/tr\/urunler\/#primaryimage"},"image":{"@id":"https:\/\/fermanarms.com\/tr\/urunler\/#primaryimage"},"thumbnailUrl":"http:\/\/fermanarms.com\/wp-content\/uploads\/2022\/05\/ROSATO-001-3-300x159.png","datePublished":"2021-06-28T09:30:21+00:00","dateModified":"2022-09-16T08:01:57+00:00","description":"Av T\u00fcfe\u011fi Kategorilerimiz; Dikey \u015earj\u00f6rl\u00fc, Yar\u0131 Otomatik, Pompal\u0131, Bullpup, S\u00fcper Poze, Taktikal, Tek K\u0131rma ...","breadcrumb":{"@id":"https:\/\/fermanarms.com\/tr\/urunler\/#breadcrumb"},"inLanguage":"tr","potentialAction":[{"@type":"ReadAction","target":["https:\/\/fermanarms.com\/tr\/urunler\/"]}]},{"@type":"ImageObject","inLanguage":"tr","@id":"https:\/\/fermanarms.com\/tr\/urunler\/#primaryimage","url":"http:\/\/fermanarms.com\/wp-content\/uploads\/2022\/05\/ROSATO-001-3-300x159.png","contentUrl":"http:\/\/fermanarms.com\/wp-content\/uploads\/2022\/05\/ROSATO-001-3-300x159.png"},{"@type":"BreadcrumbList","@id":"https:\/\/fermanarms.com\/tr\/urunler\/#breadcrumb","itemListElement":[{"@type":"ListItem","position":1,"name":"Anasayfa","item":"https:\/\/fermanarms.com\/tr\/"},{"@type":"ListItem","position":2,"name":"\u00dcr\u00fcnler"}]},{"@type":"WebSite","@id":"https:\/\/fermanarms.com\/tr\/#website","url":"https:\/\/fermanarms.com\/tr\/","name":"Ferman Arms","description":"Hunting Arms Company","publisher":{"@id":"https:\/\/fermanarms.com\/tr\/#organization"},"potentialAction":[{"@type":"SearchAction","target":{"@type":"EntryPoint","urlTemplate":"https:\/\/fermanarms.com\/tr\/?s={search_term_string}"},"query-input":{"@type":"PropertyValueSpecification","valueRequired":true,"valueName":"search_term_string"}}],"inLanguage":"tr"},{"@type":"Organization","@id":"https:\/\/fermanarms.com\/tr\/#organization","name":"Ferman Arms","url":"https:\/\/fermanarms.com\/tr\/","logo":{"@type":"ImageObject","inLanguage":"tr","@id":"https:\/\/fermanarms.com\/tr\/#\/schema\/logo\/image\/","url":"https:\/\/fermanarms.com\/tr\/wp-content\/uploads\/2022\/05\/cropped-favicon.jpg","contentUrl":"https:\/\/fermanarms.com\/tr\/wp-content\/uploads\/2022\/05\/cropped-favicon.jpg","width":512,"height":512,"caption":"Ferman Arms"},"image":{"@id":"https:\/\/fermanarms.com\/tr\/#\/schema\/logo\/image\/"}}]}},"_links":{"self":[{"href":"https:\/\/fermanarms.com\/tr\/wp-json\/wp\/v2\/pages\/62","targetHints":{"allow":["GET"]}}],"collection":[{"href":"https:\/\/fermanarms.com\/tr\/wp-json\/wp\/v2\/pages"}],"about":[{"href":"https:\/\/fermanarms.com\/tr\/wp-json\/wp\/v2\/types\/page"}],"author":[{"embeddable":true,"href":"https:\/\/fermanarms.com\/tr\/wp-json\/wp\/v2\/users\/1"}],"replies":[{"embeddable":true,"href":"https:\/\/fermanarms.com\/tr\/wp-json\/wp\/v2\/comments?post=62"}],"version-history":[{"count":4,"href":"https:\/\/fermanarms.com\/tr\/wp-json\/wp\/v2\/pages\/62\/revisions"}],"predecessor-version":[{"id":2104,"href":"https:\/\/fermanarms.com\/tr\/wp-json\/wp\/v2\/pages\/62\/revisions\/2104"}],"wp:attachment":[{"href":"https:\/\/fermanarms.com\/tr\/wp-json\/wp\/v2\/media?parent=62"}],"curies":[{"name":"wp","href":"https:\/\/api.w.org\/{rel}","templated":true}]}}